{"id":1361,"date":"2025-02-05T20:46:08","date_gmt":"2025-02-05T20:46:08","guid":{"rendered":"http:\/\/biosensor.facmed.unam.mx\/simposio\/?page_id=1361"},"modified":"2025-07-11T01:19:58","modified_gmt":"2025-07-11T01:19:58","slug":"1361-2","status":"publish","type":"page","link":"http:\/\/biosensor.facmed.unam.mx\/simposio\/index.php\/1361-2\/","title":{"rendered":"Comit\u00e9 Organizador"},"content":{"rendered":"<p>[et_pb_section fb_built=\u00bb1&#8243; admin_label=\u00bbT\u00cdTULO MAIN TEMPLATE\u00bb _builder_version=\u00bb4.27.4&#8243; _module_preset=\u00bbdefault\u00bb background_image=\u00bbhttp:\/\/biosensor.facmed.unam.mx\/simposio\/wp-content\/uploads\/2025\/02\/Title_General_Blue.jpg\u00bb background_size=\u00bbstretch\u00bb background_position=\u00bbtop_left\u00bb background_vertical_offset=\u00bb-100%\u00bb vertical_offset=\u00bb77px\u00bb vertical_offset_tablet=\u00bb112px\u00bb vertical_offset_phone=\u00bb86px\u00bb vertical_offset_last_edited=\u00bbon|phone\u00bb min_height=\u00bb90px\u00bb min_height_tablet=\u00bb100px\u00bb min_height_phone=\u00bb100px\u00bb min_height_last_edited=\u00bbon|desktop\u00bb height=\u00bb90px\u00bb height_tablet=\u00bb100px\u00bb height_phone=\u00bb100px\u00bb height_last_edited=\u00bbon|desktop\u00bb max_height=\u00bb90px\u00bb max_height_tablet=\u00bb100px\u00bb max_height_phone=\u00bb100px\u00bb max_height_last_edited=\u00bbon|desktop\u00bb locked=\u00bboff\u00bb global_colors_info=\u00bb{}\u00bb][et_pb_row _builder_version=\u00bb4.27.4&#8243; _module_preset=\u00bbdefault\u00bb positioning=\u00bbabsolute\u00bb position_origin_a=\u00bbcenter_center\u00bb border_color_all=\u00bb#EDF000&#8243; global_colors_info=\u00bb{}\u00bb][et_pb_column type=\u00bb4_4&#8243; _builder_version=\u00bb4.27.4&#8243; _module_preset=\u00bbdefault\u00bb global_colors_info=\u00bb{}\u00bb][et_pb_text admin_label=\u00bbText\u00bb _builder_version=\u00bb4.27.4&#8243; _module_preset=\u00bbdefault\u00bb text_font=\u00bbRoboto|700||on|||||\u00bb text_font_size=\u00bb22px\u00bb position_origin_a=\u00bbcenter_center\u00bb position_origin_f=\u00bbcenter_center\u00bb vertical_offset=\u00bb42px\u00bb vertical_offset_tablet=\u00bb42px\u00bb vertical_offset_phone=\u00bb42px\u00bb vertical_offset_last_edited=\u00bbon|desktop\u00bb position_origin_a_tablet=\u00bbcenter_center\u00bb position_origin_a_phone=\u00bbcenter_center\u00bb position_origin_a_last_edited=\u00bbon|desktop\u00bb position_origin_f_tablet=\u00bbcenter_center\u00bb position_origin_f_phone=\u00bbcenter_center\u00bb position_origin_f_last_edited=\u00bbon|desktop\u00bb position_origin_r_tablet=\u00bb\u00bb position_origin_r_phone=\u00bb\u00bb position_origin_r_last_edited=\u00bbon|desktop\u00bb text_orientation=\u00bbcenter\u00bb width=\u00bb100%\u00bb custom_margin=\u00bb12px||||false|false\u00bb custom_margin_tablet=\u00bb12px||||false|false\u00bb custom_margin_phone=\u00bb12px||||false|false\u00bb custom_margin_last_edited=\u00bbon|desktop\u00bb positioning_tablet=\u00bb\u00bb positioning_phone=\u00bb\u00bb positioning_last_edited=\u00bbon|desktop\u00bb text_text_shadow_style=\u00bbpreset1&#8243; global_colors_info=\u00bb{}\u00bb]<\/p>\n<p style=\"text-align: center;\"><span style=\"color: #ffffff;\">COMIT\u00c9 ORGANIZADOR<\/span><\/p>\n<p>[\/et_pb_text][\/et_pb_column][\/et_pb_row][\/et_pb_section][et_pb_section fb_built=\u00bb1&#8243; _builder_version=\u00bb4.27.4&#8243; _module_preset=\u00bbdefault\u00bb vertical_offset=\u00bb83px\u00bb vertical_offset_tablet=\u00bb118px\u00bb vertical_offset_phone=\u00bb118px\u00bb vertical_offset_last_edited=\u00bbon|desktop\u00bb min_height=\u00bb2615px\u00bb min_height_tablet=\u00bb5300px\u00bb min_height_phone=\u00bb6500px\u00bb min_height_last_edited=\u00bbon|tablet\u00bb height=\u00bb2615px\u00bb height_tablet=\u00bb5300px\u00bb height_phone=\u00bb6500px\u00bb height_last_edited=\u00bbon|tablet\u00bb max_height=\u00bb2615px\u00bb max_height_tablet=\u00bb5300px\u00bb max_height_phone=\u00bb6500px\u00bb max_height_last_edited=\u00bbon|tablet\u00bb border_color_all=\u00bb#E02B20&#8243; global_colors_info=\u00bb{}\u00bb][et_pb_row column_structure=\u00bb1_3,1_3,1_3&#8243; _builder_version=\u00bb4.27.4&#8243; _module_preset=\u00bbdefault\u00bb positioning=\u00bbnone\u00bb min_height=\u00bb779px\u00bb min_height_tablet=\u00bb779px\u00bb min_height_phone=\u00bb2200px\u00bb min_height_last_edited=\u00bbon|desktop\u00bb height=\u00bb779px\u00bb height_tablet=\u00bb779px\u00bb height_phone=\u00bb2200px\u00bb height_last_edited=\u00bbon|desktop\u00bb max_height=\u00bb779px\u00bb max_height_tablet=\u00bb779px\u00bb max_height_phone=\u00bb2200px\u00bb max_height_last_edited=\u00bbon|desktop\u00bb border_color_all=\u00bb#EDF000&#8243; global_colors_info=\u00bb{}\u00bb][et_pb_column type=\u00bb1_3&#8243; _builder_version=\u00bb4.27.4&#8243; _module_preset=\u00bbdefault\u00bb global_colors_info=\u00bb{}\u00bb][et_pb_team_member name=\u00bbDra. Roc\u00edo Berenice Dom\u00ednguez Cruz\u00bb position=\u00bbDepartamento de Ingenier\u00eda y Qu\u00edmica de Materiales Centro de Investigaci\u00f3n en Materiales Avanzados (CIMAV S.C.)\u00bb image_url=\u00bbhttp:\/\/biosensor.facmed.unam.mx\/simposio\/wp-content\/uploads\/2025\/02\/Comite_Berenice.png\u00bb module_class=\u00bbpoprocio\u00bb _builder_version=\u00bb4.27.4&#8243; _module_preset=\u00bbdefault\u00bb header_font=\u00bbArial|800||on|||||\u00bb header_text_align=\u00bbcenter\u00bb header_text_color=\u00bb#4f759a\u00bb header_font_size=\u00bb18px\u00bb body_font=\u00bbArial|600|||||||\u00bb body_text_align=\u00bbjustify\u00bb position_font=\u00bb|600||on|||||\u00bb position_text_align=\u00bbcenter\u00bb position_text_color=\u00bb#686868&#8243; hover_enabled=\u00bb0&#8243; global_colors_info=\u00bb{}\u00bb sticky_enabled=\u00bb0&#8243; admin_label=\u00bbDra. Roc\u00edo Berenice Dom\u00ednguez Cruz\u00bb]<\/p>\n<p style=\"text-align: center;\"><a href=\"mailto:berenice.dominguez@cimav.edu.mx\">berenice.dominguez@cimav.edu.mx<\/a><\/p>\n<p style=\"text-align: justify;\">Obtuvo el grado de ingeniera en electr\u00f3nica por el Instituto Tecnol\u00f3gico de Orizaba en 2007. Posteriormente curs\u00f3 la maestr\u00eda y el doctorado en el Departamento de Ingenier\u00eda El\u00e9ctrica del Centro de Investigaci\u00f3n y de Estudios Avanzados (CINVESTAV), con especialidad en Bioelectr\u00f3nica.<\/p>\n<p style=\"text-align: justify;\"><a href=\"http:\/\/biosensor.facmed.unam.mx\/simposio\/index.php\/dra-rocio-berenice-dominguez-cruz\/\"><span style=\"text-decoration: underline;\"><strong>M\u00c1S INFORMACI\u00d3N&#8230;<\/strong><\/span><\/a><\/p>\n<p>[\/et_pb_team_member][\/et_pb_column][et_pb_column type=\u00bb1_3&#8243; _builder_version=\u00bb4.27.4&#8243; _module_preset=\u00bbdefault\u00bb global_colors_info=\u00bb{}\u00bb][et_pb_team_member name=\u00bbDr. Luis Zamora Peredo\u00bb position=\u00bbInvestigador de tiempo completo en el Centro de Investigaci\u00f3n en Micro y Nanotecnolog\u00eda de la Universidad Veracruzana\u00bb image_url=\u00bbhttp:\/\/biosensor.facmed.unam.mx\/simposio\/wp-content\/uploads\/2025\/02\/Comite_Luis.png\u00bb module_class=\u00bbpoprocio\u00bb _builder_version=\u00bb4.27.4&#8243; _module_preset=\u00bbdefault\u00bb header_font=\u00bbArial|800||on|||||\u00bb header_text_align=\u00bbcenter\u00bb header_text_color=\u00bb#4f759a\u00bb header_font_size=\u00bb18px\u00bb body_font=\u00bbArial|600|||||||\u00bb body_text_align=\u00bbjustify\u00bb position_font=\u00bb|600||on|||||\u00bb position_text_align=\u00bbcenter\u00bb position_text_color=\u00bb#686868&#8243; hover_enabled=\u00bb0&#8243; global_colors_info=\u00bb{}\u00bb sticky_enabled=\u00bb0&#8243; admin_label=\u00bbDr. Luis Zamora Peredo\u00bb]<\/p>\n<p style=\"text-align: center;\"><span><a href=\"mailto:luiszamora@uv.mx\">luiszamora@uv.mx<\/a><\/span><\/p>\n<p style=\"text-align: justify;\">Investigador de tiempo completo en el Centro de Investigaci\u00f3n en Micro y Nanotecnolog\u00eda de la Universidad Veracruzana. Licenciado en F\u00edsica por la Universidad Veracruzana, Maestro en Ingenier\u00eda El\u00e9ctrica y Doctor en Ciencias Aplicadas por la Universidad Aut\u00f3noma de San Luis Potos\u00ed&#8230;.<\/p>\n<p style=\"text-align: justify;\"><a href=\"http:\/\/biosensor.facmed.unam.mx\/simposio\/index.php\/dr-luis-zamora-peredo\/\"><span style=\"text-decoration: underline;\"><strong>M\u00c1S INFORMACI\u00d3N&#8230;<\/strong><\/span><\/a><span style=\"text-decoration: underline;\"><strong><\/strong><\/span><\/p>\n<p>[\/et_pb_team_member][\/et_pb_column][et_pb_column type=\u00bb1_3&#8243; _builder_version=\u00bb4.27.4&#8243; _module_preset=\u00bbdefault\u00bb global_colors_info=\u00bb{}\u00bb][et_pb_team_member name=\u00bbDra. Claudia Rodr\u00edguez Almaz\u00e1n\u00bb position=\u00bbinvestigadora titular en el Instituto de Ciencias Aplicadas y Tecnolog\u00eda (ICAT) de la UNAM\u00bb image_url=\u00bbhttp:\/\/biosensor.facmed.unam.mx\/simposio\/wp-content\/uploads\/2025\/02\/Comite_Claudia.png\u00bb module_class=\u00bbpoprocio\u00bb _builder_version=\u00bb4.27.4&#8243; _module_preset=\u00bbdefault\u00bb header_font=\u00bbArial|800||on|||||\u00bb header_text_align=\u00bbcenter\u00bb header_text_color=\u00bb#4f759a\u00bb header_font_size=\u00bb18px\u00bb body_font=\u00bbArial|600|||||||\u00bb body_text_align=\u00bbjustify\u00bb position_font=\u00bb|600||on|||||\u00bb position_text_align=\u00bbcenter\u00bb position_text_color=\u00bb#686868&#8243; hover_enabled=\u00bb0&#8243; global_colors_info=\u00bb{}\u00bb sticky_enabled=\u00bb0&#8243; admin_label=\u00bbDra. Claudia Rodr\u00edguez Almaz\u00e1n\u00bb]<\/p>\n<p style=\"text-align: center;\"><a href=\"mailto:berenice.dominguez@cimav.edu.mx\">claudia.rodriguez@icat.unam.mx<\/a><\/p>\n<p style=\"text-align: justify;\">Originaria de la CDMX (1973), la Dra. Claudia Rodr\u00edguez Almaz\u00e1n estudi\u00f3 en la Facultad de Ciencias de la UNAM la carrera de Bi\u00f3loga, gradu\u00e1ndose en 1997. En 2001 obtuvo el grado de Maestra en Ciencias del Mar y Limnolog\u00eda por la UNAM con menci\u00f3n honor\u00edfica&#8230;<\/p>\n<p style=\"text-align: justify;\"><a href=\"http:\/\/biosensor.facmed.unam.mx\/simposio\/index.php\/dra-claudia-rodriguez-almazan\/\"><span style=\"text-decoration: underline;\"><strong>M\u00c1S INFORMACI\u00d3N&#8230;<\/strong><\/span><\/a><\/p>\n<p>[\/et_pb_team_member][\/et_pb_column][\/et_pb_row][et_pb_row column_structure=\u00bb1_3,1_3,1_3&#8243; _builder_version=\u00bb4.27.4&#8243; _module_preset=\u00bbdefault\u00bb vertical_offset=\u00bb36px\u00bb vertical_offset_tablet=\u00bb36px\u00bb vertical_offset_phone=\u00bb36px\u00bb vertical_offset_last_edited=\u00bbon|phone\u00bb min_height=\u00bb776px\u00bb min_height_tablet=\u00bb776px\u00bb min_height_phone=\u00bb2200px\u00bb min_height_last_edited=\u00bbon|desktop\u00bb height=\u00bb776px\u00bb height_tablet=\u00bb776px\u00bb height_phone=\u00bb2200px\u00bb height_last_edited=\u00bbon|desktop\u00bb max_height=\u00bb776px\u00bb max_height_tablet=\u00bb776px\u00bb max_height_phone=\u00bb2200px\u00bb max_height_last_edited=\u00bbon|desktop\u00bb border_color_all=\u00bb#E09900&#8243; global_colors_info=\u00bb{}\u00bb][et_pb_column type=\u00bb1_3&#8243; _builder_version=\u00bb4.27.4&#8243; _module_preset=\u00bbdefault\u00bb global_colors_info=\u00bb{}\u00bb][et_pb_team_member name=\u00bbDr. C\u00e9sar Luis Cuevas Vel\u00e1zquez\u00bb position=\u00bbInvestigador posdoctoral en la Universidad Aut\u00f3noma del Estado de Morelos\u00bb image_url=\u00bbhttp:\/\/biosensor.facmed.unam.mx\/simposio\/wp-content\/uploads\/2025\/02\/Comite_Cesar.png\u00bb module_class=\u00bbpoprocio\u00bb _builder_version=\u00bb4.27.4&#8243; _module_preset=\u00bbdefault\u00bb header_font=\u00bbArial|800||on|||||\u00bb header_text_align=\u00bbcenter\u00bb header_text_color=\u00bb#4f759a\u00bb header_font_size=\u00bb18px\u00bb body_font=\u00bbArial|600|||||||\u00bb body_text_align=\u00bbjustify\u00bb position_font=\u00bb|600||on|||||\u00bb position_text_align=\u00bbcenter\u00bb position_text_color=\u00bb#686868&#8243; hover_enabled=\u00bb0&#8243; global_colors_info=\u00bb{}\u00bb sticky_enabled=\u00bb0&#8243; admin_label=\u00bbDr. C\u00e9sar Luis Cuevas Vel\u00e1zquez\u00bb]<\/p>\n<p style=\"text-align: center;\"><span><a href=\"mailto:luiszamora@uv.mx\">cuevasvelazquez@gmail.com<\/a><\/span><\/p>\n<p style=\"text-align: justify;\">El Dr. C\u00e9sar Luis Cuevas Vel\u00e1zquez es Ingeniero Bioqu\u00edmico egresado con honores del Instituto Tecnol\u00f3gico de Zacatepec (2008). Obtuvo su Doctorado en Ciencias Bioqu\u00edmicas en el Instituto de Biotecnolog\u00eda de la UNAM (2016). Realiz\u00f3 su postdoctorado en el Departamento de Biolog\u00eda de la Universidad de Stanford (2017-2019)&#8230;<\/p>\n<p style=\"text-align: justify;\"><a href=\"http:\/\/biosensor.facmed.unam.mx\/simposio\/index.php\/dr-cesar-luis-cuevas-velazquez\/\"><span style=\"text-decoration: underline;\"><strong>M\u00c1S INFORMACI\u00d3N&#8230;<\/strong><\/span><\/a><\/p>\n<p>[\/et_pb_team_member][\/et_pb_column][et_pb_column type=\u00bb1_3&#8243; _builder_version=\u00bb4.27.4&#8243; _module_preset=\u00bbdefault\u00bb global_colors_info=\u00bb{}\u00bb][et_pb_team_member name=\u00bbDra. Citlali S\u00e1nchez Ak\u00e9 \u00bb position=\u00bbInvestigadora titular en el Instituto de Ciencias Aplicadas y Tecnolog\u00eda (ICAT) de la UNAM\u00bb image_url=\u00bbhttp:\/\/biosensor.facmed.unam.mx\/simposio\/wp-content\/uploads\/2025\/02\/Comite_Citlali.png\u00bb module_class=\u00bbpoprocio\u00bb _builder_version=\u00bb4.27.4&#8243; _module_preset=\u00bbdefault\u00bb header_font=\u00bbArial|800||on|||||\u00bb header_text_align=\u00bbcenter\u00bb header_text_color=\u00bb#4f759a\u00bb header_font_size=\u00bb18px\u00bb body_font=\u00bbArial|600|||||||\u00bb body_text_align=\u00bbjustify\u00bb position_font=\u00bb|600||on|||||\u00bb position_text_align=\u00bbcenter\u00bb position_text_color=\u00bb#686868&#8243; hover_enabled=\u00bb0&#8243; global_colors_info=\u00bb{}\u00bb sticky_enabled=\u00bb0&#8243; admin_label=\u00bbDra. Citlali S\u00e1nchez Ak\u00e9\u00a0\u00ab]<\/p>\n<p style=\"text-align: center;\"><a href=\"mailto:berenice.dominguez@cimav.edu.mx\">citlali.sanchez@icat.unam.mx<\/a><\/p>\n<p style=\"text-align: justify;\">Citlali S\u00e1nchez Ak\u00e9 realiz\u00f3 sus estudios de licenciatura en F\u00edsica, maestr\u00eda y doctorado en Ciencia e Ingenier\u00eda de Materiales, en la UNAM. Actualmente es investigadora titular en el Instituto de Ciencias Aplicadas y Tecnolog\u00eda (ICAT) de la UNAM&#8230;.<\/p>\n<p style=\"text-align: justify;\"><a href=\"http:\/\/biosensor.facmed.unam.mx\/simposio\/index.php\/dra-citlali-sanchez-ake\/\"><span style=\"text-decoration: underline;\"><strong>M\u00c1S INFORMACI\u00d3N&#8230;<\/strong><\/span><\/a><\/p>\n<p>[\/et_pb_team_member][\/et_pb_column][et_pb_column type=\u00bb1_3&#8243; _builder_version=\u00bb4.27.4&#8243; _module_preset=\u00bbdefault\u00bb global_colors_info=\u00bb{}\u00bb][et_pb_team_member name=\u00bbDr. Jann\u00fa Ricardo Casanova Moreno\u00bb position=\u00bbInvestigador Titular A en la Subdirecci\u00f3n de Salud de CIDETEQ, Laboratorio Nacional de Micro y Nanoflu\u00eddica \u00bb image_url=\u00bbhttp:\/\/biosensor.facmed.unam.mx\/simposio\/wp-content\/uploads\/2025\/02\/Comite_Jannu.png\u00bb module_class=\u00bbpoprocio\u00bb _builder_version=\u00bb4.27.4&#8243; _module_preset=\u00bbdefault\u00bb header_font=\u00bbArial|800||on|||||\u00bb header_text_align=\u00bbcenter\u00bb header_text_color=\u00bb#4f759a\u00bb header_font_size=\u00bb18px\u00bb body_font=\u00bbArial|600|||||||\u00bb body_text_align=\u00bbjustify\u00bb position_font=\u00bb|600||on|||||\u00bb position_text_align=\u00bbcenter\u00bb position_text_color=\u00bb#686868&#8243; hover_enabled=\u00bb0&#8243; global_colors_info=\u00bb{}\u00bb sticky_enabled=\u00bb0&#8243; admin_label=\u00bbDr. Jann\u00fa Ricardo Casanova Moreno\u00bb]<\/p>\n<p style=\"text-align: center;\"><a href=\"mailto:berenice.dominguez@cimav.edu.mx\">jcasanova@cideteq.mx<\/a><\/p>\n<p style=\"text-align: justify;\">Estudi\u00f3 la Licenciatura en Qu\u00edmica en la Facultad de Qu\u00edmica de la UNAM. Realiz\u00f3 su doctorado en la Universidad de British Columbia, en Canad\u00e1 y, en esta misma universidad, realiz\u00f3 un posdoctorado sobre el uso de chips microflu\u00eddicos para detecci\u00f3n electroqu\u00edmica de tuberculosis.<\/p>\n<p style=\"text-align: justify;\"><a href=\"http:\/\/biosensor.facmed.unam.mx\/simposio\/index.php\/dr-jannu-ricardo-casanova-moreno\/\"><span style=\"text-decoration: underline;\"><strong>M\u00c1S INFORMACI\u00d3N&#8230;<\/strong><\/span><\/a><\/p>\n<p>[\/et_pb_team_member][\/et_pb_column][\/et_pb_row][et_pb_row column_structure=\u00bb1_3,1_3,1_3&#8243; _builder_version=\u00bb4.27.4&#8243; _module_preset=\u00bbdefault\u00bb vertical_offset=\u00bb83px\u00bb vertical_offset_tablet=\u00bb83px\u00bb vertical_offset_phone=\u00bb83px\u00bb vertical_offset_last_edited=\u00bbon|phone\u00bb min_height=\u00bb805px\u00bb min_height_tablet=\u00bb805px\u00bb min_height_phone=\u00bb1500px\u00bb min_height_last_edited=\u00bbon|desktop\u00bb height=\u00bb805px\u00bb height_tablet=\u00bb805px\u00bb height_phone=\u00bb1500px\u00bb height_last_edited=\u00bbon|desktop\u00bb max_height=\u00bb805px\u00bb max_height_tablet=\u00bb805px\u00bb max_height_phone=\u00bb1500px\u00bb max_height_last_edited=\u00bbon|desktop\u00bb border_color_all=\u00bb#8300E9&#8243; global_colors_info=\u00bb{}\u00bb][et_pb_column type=\u00bb1_3&#8243; _builder_version=\u00bb4.27.4&#8243; _module_preset=\u00bbdefault\u00bb global_colors_info=\u00bb{}\u00bb][et_pb_team_member name=\u00bbDra. Mar\u00eda Herlinda Montiel S\u00e1nchez\u00bb position=\u00bbinvestigadora Titular %22B%22, definitiva y de tiempo completo del ICAT\u00bb image_url=\u00bbhttp:\/\/biosensor.facmed.unam.mx\/simposio\/wp-content\/uploads\/2025\/02\/Comite_Herlinda.png\u00bb module_class=\u00bbpoprocio\u00bb _builder_version=\u00bb4.27.4&#8243; _module_preset=\u00bbdefault\u00bb header_font=\u00bbArial|800||on|||||\u00bb header_text_align=\u00bbcenter\u00bb header_text_color=\u00bb#4f759a\u00bb header_font_size=\u00bb18px\u00bb body_font=\u00bbArial|600|||||||\u00bb body_text_align=\u00bbjustify\u00bb position_font=\u00bb|600||on|||||\u00bb position_text_align=\u00bbcenter\u00bb position_text_color=\u00bb#686868&#8243; hover_enabled=\u00bb0&#8243; global_colors_info=\u00bb{}\u00bb sticky_enabled=\u00bb0&#8243; admin_label=\u00bbDra. Mar\u00eda Herlinda Montiel S\u00e1nchez\u00bb]<\/p>\n<p style=\"text-align: center;\"><a href=\"mailto:herlinda.montiel@icat.unam.mx\">herlinda.montiel@icat.unam.mx<\/a><span><a href=\"mailto:luiszamora@uv.mx\"><\/a><\/span><\/p>\n<p style=\"text-align: justify;\">Obtuvo el Grado de Doctora en Ciencia e Ingenier\u00eda de Materiales en el Instituto de Investigaciones en Materiales de la Universidad Aut\u00f3noma de M\u00e9xico (UNAM), con menci\u00f3n honorifica y adem\u00e1s se hizo merecedora de la Medalla \u201cAlfonso Caso\u201d al m\u00e9rito Universitario, por la calidad y originalidad de las aportaciones derivadas de su trabajo de tesis doctoral.<\/p>\n<p style=\"text-align: justify;\"><a href=\"http:\/\/biosensor.facmed.unam.mx\/simposio\/index.php\/dra-maria-herlinda-montiel-sanchez\/\"><span style=\"text-decoration: underline;\"><strong>M\u00c1S INFORMACI\u00d3N&#8230;<\/strong><\/span><\/a><\/p>\n<p>[\/et_pb_team_member][\/et_pb_column][et_pb_column type=\u00bb1_3&#8243; _builder_version=\u00bb4.27.4&#8243; _module_preset=\u00bbdefault\u00bb global_colors_info=\u00bb{}\u00bb][et_pb_team_member name=\u00bbDr. Martin Gonz\u00e1lez Andrade\u00bb position=\u00bbProfesor Titular \u201cB\u201d de TC, Departamento de Bioqu\u00edmica, Facultad de Medicina, UNAM\u00bb image_url=\u00bbhttp:\/\/biosensor.facmed.unam.mx\/simposio\/wp-content\/uploads\/2025\/02\/Comite_Martin.png\u00bb module_class=\u00bbpoprocio\u00bb _builder_version=\u00bb4.27.4&#8243; _module_preset=\u00bbdefault\u00bb header_font=\u00bbArial|800||on|||||\u00bb header_text_align=\u00bbcenter\u00bb header_text_color=\u00bb#4f759a\u00bb header_font_size=\u00bb18px\u00bb body_font=\u00bbArial|600|||||||\u00bb body_text_align=\u00bbjustify\u00bb position_font=\u00bb|600||on|||||\u00bb position_text_align=\u00bbcenter\u00bb position_text_color=\u00bb#686868&#8243; hover_enabled=\u00bb0&#8243; global_colors_info=\u00bb{}\u00bb sticky_enabled=\u00bb0&#8243; admin_label=\u00bbDr. Martin Gonz\u00e1lez Andrade\u00bb]<\/p>\n<p style=\"text-align: center;\"><a href=\"mailto:berenice.dominguez@cimav.edu.mx\">martin@bq.unam.mx<\/a><\/p>\n<p style=\"text-align: justify;\"><span>En los \u00faltimos a\u00f1os, la l\u00ednea de investigaci\u00f3n que he desarrollado en la Facultad de Medicina (FM) de la UNAM se ha enfocado en el desarrollo de biosensores fluorescentes. Este proyecto de investigaci\u00f3n corresponde a una l\u00ednea de investigaci\u00f3n nueva en el departamento de bioqu\u00edmica de la FM de la UNAM.\u00a0<\/span><\/p>\n<p style=\"text-align: justify;\"><a href=\"http:\/\/biosensor.facmed.unam.mx\/simposio\/index.php\/dr-martin-gonzalez-andrade\/\"><span style=\"text-decoration: underline;\"><strong>M\u00c1S INFORMACI\u00d3N&#8230;<\/strong><\/span><\/a><\/p>\n<p>[\/et_pb_team_member][\/et_pb_column][et_pb_column type=\u00bb1_3&#8243; _builder_version=\u00bb4.27.4&#8243; _module_preset=\u00bbdefault\u00bb global_colors_info=\u00bb{}\u00bb][et_pb_team_member name=\u00bbDra. Nadia Castillo\u00bb position=\u00bbLicenciada en Comercio Internacional por el ITESM, con maestr\u00eda y doctorado en Ingenier\u00eda de Sistemas\u00bb image_url=\u00bbhttp:\/\/biosensor.facmed.unam.mx\/simposio\/wp-content\/uploads\/2025\/07\/Nadia-Castillo.jpg\u00bb module_class=\u00bbpoprocio\u00bb _builder_version=\u00bb4.27.4&#8243; _module_preset=\u00bbdefault\u00bb header_font=\u00bbArial|800||on|||||\u00bb header_text_align=\u00bbcenter\u00bb header_text_color=\u00bb#4f759a\u00bb header_font_size=\u00bb18px\u00bb body_font=\u00bbArial|600|||||||\u00bb body_text_align=\u00bbjustify\u00bb position_font=\u00bb|600||on|||||\u00bb position_text_align=\u00bbcenter\u00bb position_text_color=\u00bb#686868&#8243; hover_enabled=\u00bb0&#8243; global_colors_info=\u00bb{}\u00bb title_text=\u00bbNadia Castillo\u00bb sticky_enabled=\u00bb0&#8243; border_radii_image=\u00bbon|38px|38px|38px|38px\u00bb admin_label=\u00bbDra Nadia Castillo\u00bb]<\/p>\n<p style=\"text-align: justify;\"><span style=\"font-weight: 400;\"><\/span><\/p>\n<p style=\"text-align: justify;\"><strong>Ha desarrollado su carrera profesional en el \u00e1mbito de la planeaci\u00f3n municipal e institucional, y en los \u00faltimos a\u00f1os se ha especializado en gesti\u00f3n tecnol\u00f3gica y de la informaci\u00f3n.<\/strong><\/p>\n<p style=\"text-align: justify;\"><a href=\"http:\/\/biosensor.facmed.unam.mx\/simposio\/index.php\/dra-nadia-castillo\/\"><span style=\"text-decoration: underline;\"><strong>M\u00c1S INFORMACI\u00d3N&#8230;<\/strong><\/span><\/a><\/p>\n<p>[\/et_pb_team_member][\/et_pb_column][\/et_pb_row][\/et_pb_section]<\/p>\n","protected":false},"excerpt":{"rendered":"<p>COMIT\u00c9 ORGANIZADORberenice.dominguez@cimav.edu.mx Obtuvo el grado de ingeniera en electr\u00f3nica por el Instituto Tecnol\u00f3gico de Orizaba en 2007. Posteriormente curs\u00f3 la maestr\u00eda y el doctorado en el Departamento de Ingenier\u00eda El\u00e9ctrica del Centro de Investigaci\u00f3n y de Estudios Avanzados (CINVESTAV), con especialidad en Bioelectr\u00f3nica. M\u00c1S INFORMACI\u00d3N&#8230;luiszamora@uv.mx Investigador de tiempo completo en el Centro de Investigaci\u00f3n en [&hellip;]<\/p>\n","protected":false},"author":6,"featured_media":0,"parent":0,"menu_order":0,"comment_status":"closed","ping_status":"closed","template":"","meta":{"_et_pb_use_builder":"on","_et_pb_old_content":"","_et_gb_content_width":"","footnotes":""},"class_list":["post-1361","page","type-page","status-publish","hentry"],"_links":{"self":[{"href":"http:\/\/biosensor.facmed.unam.mx\/simposio\/index.php\/wp-json\/wp\/v2\/pages\/1361","targetHints":{"allow":["GET"]}}],"collection":[{"href":"http:\/\/biosensor.facmed.unam.mx\/simposio\/index.php\/wp-json\/wp\/v2\/pages"}],"about":[{"href":"http:\/\/biosensor.facmed.unam.mx\/simposio\/index.php\/wp-json\/wp\/v2\/types\/page"}],"author":[{"embeddable":true,"href":"http:\/\/biosensor.facmed.unam.mx\/simposio\/index.php\/wp-json\/wp\/v2\/users\/6"}],"replies":[{"embeddable":true,"href":"http:\/\/biosensor.facmed.unam.mx\/simposio\/index.php\/wp-json\/wp\/v2\/comments?post=1361"}],"version-history":[{"count":64,"href":"http:\/\/biosensor.facmed.unam.mx\/simposio\/index.php\/wp-json\/wp\/v2\/pages\/1361\/revisions"}],"predecessor-version":[{"id":3233,"href":"http:\/\/biosensor.facmed.unam.mx\/simposio\/index.php\/wp-json\/wp\/v2\/pages\/1361\/revisions\/3233"}],"wp:attachment":[{"href":"http:\/\/biosensor.facmed.unam.mx\/simposio\/index.php\/wp-json\/wp\/v2\/media?parent=1361"}],"curies":[{"name":"wp","href":"https:\/\/api.w.org\/{rel}","templated":true}]}}